{"id":121,"date":"2021-10-10T20:42:51","date_gmt":"2021-10-10T18:42:51","guid":{"rendered":"http:\/\/declick.be\/?page_id=121"},"modified":"2021-12-01T10:48:58","modified_gmt":"2021-12-01T09:48:58","slug":"access-intermediaire","status":"publish","type":"page","link":"https:\/\/declick.be\/index.php\/access-intermediaire\/","title":{"rendered":"Access interm\u00e9diaire"},"content":{"rendered":"\n<p>Deuxi\u00e8me partie de l&rsquo;\u00e9tude d&rsquo;Access. Ce cours interm\u00e9diaire a \u00e9t\u00e9 cr\u00e9\u00e9 pour faire le lien entre les bases et le niveau avanc\u00e9 afin de \u00ab\u00a0combler\u00a0\u00bb la diff\u00e9rence de niveau entre ces 2 modules et parvenir \u00e0 int\u00e9grer d&rsquo;une fa\u00e7on plus soft l&rsquo;\u00e9tude des liaisons, les requ\u00eates \u00ab\u00a0actions\u00a0\u00bb et les formulaires automatis\u00e9s. Les diff\u00e9rents fichiers utilis\u00e9s lors de cette \u00e9tude sont les suivants :<\/p>\n\n\n\n<ul class=\"wp-block-list\"><li><a href=\"https:\/\/declick.be\/wp-content\/uploads\/2021\/12\/Access20xx-Niveau-intermediaire.pdf\">Access20xx &#8211; Niveau intermediaire.pdf<\/a> : support du cours. A imprimer \u00e9ventuellement pour suivre le cours, particuli\u00e8rement les 5 premi\u00e8res pages o\u00f9 l&rsquo;\u00e9tude des relations est lacunaire.<\/li><li><a href=\"https:\/\/declick.be\/wp-content\/uploads\/2021\/12\/EmployesIntermediaire.accdb\">EmployesIntermediaire.accdb<\/a> et <a href=\"https:\/\/declick.be\/wp-content\/uploads\/2021\/12\/EmployesIntermediaire_Solution.accdb\">EmployesIntermediaire_Solution.accdb<\/a> : la base de donn\u00e9es \u00e0 partir de laquelle seront r\u00e9alis\u00e9s les exercices du support et la base de donn\u00e9es qui contient tous les corrig\u00e9s de ces exercices.<\/li><li><a href=\"https:\/\/declick.be\/wp-content\/uploads\/2021\/12\/EmployesIntermediaireExercicesSup.accdb\">EmployesIntermediaireExercicesSup.accdb<\/a> : bases de donn\u00e9es qui contient des exercices suppl\u00e9mentaires<\/li><\/ul>\n","protected":false},"excerpt":{"rendered":"<p>Deuxi\u00e8me partie de l&rsquo;\u00e9tude d&rsquo;Access. Ce cours interm\u00e9diaire a \u00e9t\u00e9 cr\u00e9\u00e9 pour faire le lien entre les bases et le niveau avanc\u00e9 afin de \u00ab\u00a0combler\u00a0\u00bb la diff\u00e9rence de niveau entre ces 2 modules et&#46;&#46;&#46;<\/p>\n","protected":false},"author":1,"featured_media":0,"parent":0,"menu_order":0,"comment_status":"closed","ping_status":"closed","template":"","meta":{"footnotes":""},"class_list":["post-121","page","type-page","status-publish","hentry"],"_links":{"self":[{"href":"https:\/\/declick.be\/index.php\/wp-json\/wp\/v2\/pages\/121","targetHints":{"allow":["GET"]}}],"collection":[{"href":"https:\/\/declick.be\/index.php\/wp-json\/wp\/v2\/pages"}],"about":[{"href":"https:\/\/declick.be\/index.php\/wp-json\/wp\/v2\/types\/page"}],"author":[{"embeddable":true,"href":"https:\/\/declick.be\/index.php\/wp-json\/wp\/v2\/users\/1"}],"replies":[{"embeddable":true,"href":"https:\/\/declick.be\/index.php\/wp-json\/wp\/v2\/comments?post=121"}],"version-history":[{"count":2,"href":"https:\/\/declick.be\/index.php\/wp-json\/wp\/v2\/pages\/121\/revisions"}],"predecessor-version":[{"id":794,"href":"https:\/\/declick.be\/index.php\/wp-json\/wp\/v2\/pages\/121\/revisions\/794"}],"wp:attachment":[{"href":"https:\/\/declick.be\/index.php\/wp-json\/wp\/v2\/media?parent=121"}],"curies":[{"name":"wp","href":"https:\/\/api.w.org\/{rel}","templated":true}]}}