{"id":1732,"date":"2024-06-16T17:11:27","date_gmt":"2024-06-16T15:11:27","guid":{"rendered":"https:\/\/declick.be\/?page_id=1732"},"modified":"2024-06-16T19:55:03","modified_gmt":"2024-06-16T17:55:03","slug":"12-power-query-tcd-tableaux-de-bord","status":"publish","type":"page","link":"https:\/\/declick.be\/index.php\/12-power-query-tcd-tableaux-de-bord\/","title":{"rendered":"12. Power Query &#8211; TCD &#8211; Tableaux de bord"},"content":{"rendered":"\n<p>La fiche programme du cours se trouve ici : <a href=\"https:\/\/declick.be\/wp-content\/uploads\/2024\/06\/Excel-Power-Query-et-tableaux-de-bord.docx\">Fiche programme du cours<\/a><\/p>\n\n\n\n<p>Ce cours est con\u00e7u selon un apprentissage par l\u2019exemple. Il tente de mettre en \u00e9vidence l&rsquo;int\u00e9r\u00eat de l&rsquo;utilisation de Power Query afin de traiter les donn\u00e9es via des tableaux crois\u00e9s dynamiques pour r\u00e9aliser des tableaux de bord visuels et interactifs<\/p>\n\n\n\n<p>Ceci se fera par l\u2019interm\u00e9diaire de la r\u00e9alisation d\u2019applications se trouvant dans les fichiers t\u00e9l\u00e9chargeables ci-dessous.<\/p>\n\n\n\n<ul class=\"wp-block-list\">\n<li><a href=\"https:\/\/declick.be\/wp-content\/uploads\/2024\/06\/TDB-Exercice01.xlsm\">Exercice 01<\/a> : Fichier introduction \u00e0 l\u2019utilisation de Power Query. Il fait le parall\u00e8le entre Power Query et d\u2019autres outils utilis\u00e9s pour obtenir des r\u00e9sultats similaires, mais pas toujours d\u2019une fa\u00e7on aussi efficace <\/li>\n\n\n\n<li><a href=\"https:\/\/declick.be\/wp-content\/uploads\/2024\/06\/TDB-Exercice02.xlsm\">Exercice 02<\/a> : Utilisation de Power Query &#8211; Connexion, nettoyage, combinaison de requ\u00eates, relation entre requ\u00eates<\/li>\n\n\n\n<li><a href=\"https:\/\/declick.be\/wp-content\/uploads\/2024\/06\/TDB-Exercice03.xlsx\">Exercice 03<\/a> : Travail sur les TCDs et la cr\u00e9ation de tableaux de bord interactifs<\/li>\n\n\n\n<li><a href=\"https:\/\/declick.be\/wp-content\/uploads\/2024\/06\/TDB-Exercice04.xlsx\">Exercice 04<\/a> : R\u00e9cup\u00e9ration de donn\u00e9es sur un Share Point par Power Query<\/li>\n<\/ul>\n\n\n\n<p><\/p>\n\n\n\n<p>J&rsquo;esp\u00e8re que ce cours vous a fourni des informations utiles dans le cadre de votre travail et\/ou des perspectives d&rsquo;utilisation auxquelles vous n&rsquo;aviez pas pens\u00e9<\/p>\n","protected":false},"excerpt":{"rendered":"<p>La fiche programme du cours se trouve ici : Fiche programme du cours Ce cours est con\u00e7u selon un apprentissage par l\u2019exemple. Il tente de mettre en \u00e9vidence l&rsquo;int\u00e9r\u00eat de l&rsquo;utilisation de Power Query&#46;&#46;&#46;<\/p>\n","protected":false},"author":1,"featured_media":0,"parent":0,"menu_order":0,"comment_status":"closed","ping_status":"closed","template":"","meta":{"footnotes":""},"class_list":["post-1732","page","type-page","status-publish","hentry"],"_links":{"self":[{"href":"https:\/\/declick.be\/index.php\/wp-json\/wp\/v2\/pages\/1732","targetHints":{"allow":["GET"]}}],"collection":[{"href":"https:\/\/declick.be\/index.php\/wp-json\/wp\/v2\/pages"}],"about":[{"href":"https:\/\/declick.be\/index.php\/wp-json\/wp\/v2\/types\/page"}],"author":[{"embeddable":true,"href":"https:\/\/declick.be\/index.php\/wp-json\/wp\/v2\/users\/1"}],"replies":[{"embeddable":true,"href":"https:\/\/declick.be\/index.php\/wp-json\/wp\/v2\/comments?post=1732"}],"version-history":[{"count":5,"href":"https:\/\/declick.be\/index.php\/wp-json\/wp\/v2\/pages\/1732\/revisions"}],"predecessor-version":[{"id":1748,"href":"https:\/\/declick.be\/index.php\/wp-json\/wp\/v2\/pages\/1732\/revisions\/1748"}],"wp:attachment":[{"href":"https:\/\/declick.be\/index.php\/wp-json\/wp\/v2\/media?parent=1732"}],"curies":[{"name":"wp","href":"https:\/\/api.w.org\/{rel}","templated":true}]}}