{"id":1895,"date":"2024-11-23T13:22:16","date_gmt":"2024-11-23T12:22:16","guid":{"rendered":"https:\/\/declick.be\/?page_id=1895"},"modified":"2024-12-06T15:34:19","modified_gmt":"2024-12-06T14:34:19","slug":"bruxelles-laique-excel-intermediaire","status":"publish","type":"page","link":"https:\/\/declick.be\/index.php\/bruxelles-laique-excel-intermediaire\/","title":{"rendered":"Bruxelles La\u00efque Excel Interm\u00e9diaire"},"content":{"rendered":"\n<p>Cette formation de 2 jours va nous permettre de revoir point par point les notions de bases d&rsquo;Excel et vous familiarisera avec des notions plus avanc\u00e9es. Nous y aborderons notamment le formatage des cellules, les r\u00e9f\u00e9rences des cellules, l&rsquo;utilisation des fonctions, les graphiques, &#8230; Les diff\u00e9rentes mati\u00e8res pr\u00e9vues pour cette formation sont reprises dans la fiche programme : <a href=\"https:\/\/declick.be\/wp-content\/uploads\/2024\/12\/2024_BXL-Laique_BFE-Prog_Bureautique.pdf\" target=\"_blank\" rel=\"noreferrer noopener\">programme des formations bureautiques<\/a><\/p>\n\n\n\n<p>L&rsquo;\u00e9tude des diff\u00e9rents points de mati\u00e8re se fera par l&rsquo;exemple via diff\u00e9rentes applications Excel. Ces applications se trouvent dans le dossier &lsquo;Excel Interm\u00e9diaire&rsquo; du menu &lsquo;Bruxelles Formation&rsquo; se trouvant ici : <a href=\"https:\/\/declick.be\/index.php\/excel-intermediaire\/\" target=\"_blank\" rel=\"noreferrer noopener\">Excel interm\u00e9diaire \u2013 Le Declick, vous l&rsquo;aurez \u2026<\/a><\/p>\n\n\n\n<p>Bon travail.<\/p>\n\n\n\n<p><\/p>\n\n\n\n<p>Jo\u00ebl LMABERT<\/p>\n","protected":false},"excerpt":{"rendered":"<p>Cette formation de 2 jours va nous permettre de revoir point par point les notions de bases d&rsquo;Excel et vous familiarisera avec des notions plus avanc\u00e9es. Nous y aborderons notamment le formatage des cellules,&#46;&#46;&#46;<\/p>\n","protected":false},"author":1,"featured_media":0,"parent":0,"menu_order":0,"comment_status":"closed","ping_status":"closed","template":"","meta":{"footnotes":""},"class_list":["post-1895","page","type-page","status-publish","hentry"],"_links":{"self":[{"href":"https:\/\/declick.be\/index.php\/wp-json\/wp\/v2\/pages\/1895","targetHints":{"allow":["GET"]}}],"collection":[{"href":"https:\/\/declick.be\/index.php\/wp-json\/wp\/v2\/pages"}],"about":[{"href":"https:\/\/declick.be\/index.php\/wp-json\/wp\/v2\/types\/page"}],"author":[{"embeddable":true,"href":"https:\/\/declick.be\/index.php\/wp-json\/wp\/v2\/users\/1"}],"replies":[{"embeddable":true,"href":"https:\/\/declick.be\/index.php\/wp-json\/wp\/v2\/comments?post=1895"}],"version-history":[{"count":4,"href":"https:\/\/declick.be\/index.php\/wp-json\/wp\/v2\/pages\/1895\/revisions"}],"predecessor-version":[{"id":1945,"href":"https:\/\/declick.be\/index.php\/wp-json\/wp\/v2\/pages\/1895\/revisions\/1945"}],"wp:attachment":[{"href":"https:\/\/declick.be\/index.php\/wp-json\/wp\/v2\/media?parent=1895"}],"curies":[{"name":"wp","href":"https:\/\/api.w.org\/{rel}","templated":true}]}}