{"id":28,"date":"2021-10-10T19:33:57","date_gmt":"2021-10-10T17:33:57","guid":{"rendered":"http:\/\/declick.be\/?page_id=28"},"modified":"2024-11-25T15:21:30","modified_gmt":"2024-11-25T14:21:30","slug":"word-bases","status":"publish","type":"page","link":"https:\/\/declick.be\/index.php\/word-bases\/","title":{"rendered":"Word bases"},"content":{"rendered":"\n<p>La formation sera abord\u00e9e par la pratique et la r\u00e9alisation d\u2019exercices. Ceci permettra aux participants d&rsquo;acqu\u00e9rir les diff\u00e9rentes mati\u00e8res basiques d&rsquo;une bonne utilisation de Word.<\/p>\n\n\n\n<p>Diff\u00e9rents fichiers sont \u00e0 t\u00e9l\u00e9charger ci-dessous. Parmi les fichiers \u00e0 t\u00e9l\u00e9charger, vous pouvez imprimer les fichiers \u2018Exercice*_solution.doc(x)\u2019 qui sont les r\u00e9sultats finaux \u00e0 obtenir, avec les consignes en en-t\u00eate. Les fichiers \u2018Exercice*.doc(x)\u2019 sont les textes pr\u00e9encod\u00e9s n\u00e9cessaires \u00e0 la r\u00e9alisation du travail.<\/p>\n\n\n\n<p>Voici la liste des exercices qui sont disponibles et les points de mati\u00e8re qu&rsquo;ils mettront en \u00e9vidence&nbsp;:<\/p>\n\n\n\n<ul class=\"wp-block-list\">\n<li><a href=\"https:\/\/declick.be\/wp-content\/uploads\/2021\/10\/Exercice01_solution.doc\">Exercice01_solution<\/a> : encodage, correcteur orthographique, remplacement automatique, exercice de s\u00e9lection<\/li>\n<\/ul>\n\n\n\n<ul class=\"wp-block-list\">\n<li><a href=\"https:\/\/declick.be\/wp-content\/uploads\/2022\/10\/Exercice01b.docx\">Exercice01b<\/a> : s\u00e9lection, rechercher, remplacer<\/li>\n<\/ul>\n\n\n\n<ul class=\"wp-block-list\">\n<li><a href=\"https:\/\/declick.be\/wp-content\/uploads\/2021\/10\/Exercice02_solution.doc\">Exercice02_solution<\/a> : mise en forme de caract\u00e8res, mise en forme de paragraphe<\/li>\n<\/ul>\n\n\n\n<ul class=\"wp-block-list\">\n<li><a href=\"https:\/\/declick.be\/wp-content\/uploads\/2021\/10\/Exercice03.doc\">Exercice03<\/a> &#8211; <a href=\"https:\/\/declick.be\/wp-content\/uploads\/2021\/10\/Exercice03_solution.doc\">Exercice03_solution<\/a> : idem exercice 02<\/li>\n<\/ul>\n\n\n\n<ul class=\"wp-block-list\">\n<li><a href=\"https:\/\/declick.be\/wp-content\/uploads\/2021\/10\/Exercice04.doc\">Exercice04<\/a> &#8211; <a href=\"https:\/\/declick.be\/wp-content\/uploads\/2021\/10\/Exercice04_solution.doc\">Exercice04_solution<\/a> : mise en forme de paragraphe et utilisation des tableaux<\/li>\n<\/ul>\n\n\n\n<ul class=\"wp-block-list\">\n<li><a href=\"https:\/\/declick.be\/wp-content\/uploads\/2021\/10\/Exercice05.doc\">Exercice05<\/a> &#8211; <a href=\"https:\/\/declick.be\/wp-content\/uploads\/2021\/10\/Exercice05_solution.doc\">Exercice05_solution<\/a> : mise en forme de paragraphe, utilisation des listes num\u00e9rot\u00e9es utilisation du pinceau<\/li>\n<\/ul>\n\n\n\n<ul class=\"wp-block-list\">\n<li><a href=\"https:\/\/declick.be\/wp-content\/uploads\/2021\/10\/Exercice06_solution.doc\">Exercice06_solution<\/a> : utilisation des tabulations<\/li>\n<\/ul>\n\n\n\n<ul class=\"wp-block-list\">\n<li><a href=\"https:\/\/declick.be\/wp-content\/uploads\/2021\/10\/Exercice07_solution.doc\">Exercice07_solution<\/a> : tableaux et tabulations<\/li>\n<\/ul>\n\n\n\n<ul class=\"wp-block-list\">\n<li><a href=\"https:\/\/declick.be\/wp-content\/uploads\/2021\/10\/Exercice08_solution.doc\">Exercice08_solution<\/a> : tableaux et calculs dans un tableau<\/li>\n<\/ul>\n\n\n\n<ul class=\"wp-block-list\">\n<li><a href=\"https:\/\/declick.be\/wp-content\/uploads\/2021\/10\/Exercice09.doc\">Exercice09<\/a> &#8211; <a href=\"https:\/\/declick.be\/wp-content\/uploads\/2021\/10\/Exercice09_solution.doc\">Exercice09_solution<\/a> : r\u00e9vision sur la mise en forme de paragraphe, les tabulations et les tableaux<\/li>\n<\/ul>\n\n\n\n<ul class=\"wp-block-list\">\n<li><a href=\"https:\/\/declick.be\/wp-content\/uploads\/2021\/10\/Exercice10.doc\">Exercice10<\/a> &#8211; <a href=\"https:\/\/declick.be\/wp-content\/uploads\/2021\/10\/Exercice10_solution.doc\">Exercice10_solution<\/a> : utilisation des styles, insertion d&rsquo;images<\/li>\n<\/ul>\n\n\n\n<ul class=\"wp-block-list\">\n<li><a href=\"https:\/\/declick.be\/wp-content\/uploads\/2021\/10\/Exercice11_solution.docx\">Exercice11_solution<\/a> : exercice de r\u00e9vision sur les points pr\u00e9c\u00e9dents<\/li>\n<\/ul>\n\n\n\n<ul class=\"wp-block-list\">\n<li><a href=\"https:\/\/declick.be\/wp-content\/uploads\/2021\/10\/Exercice12_TexteBrut.doc\">Exercice12<\/a> &#8211; <a href=\"https:\/\/declick.be\/wp-content\/uploads\/2021\/10\/Exercice12_solution.docx\">Exercice12_solution<\/a> &#8211; <a href=\"https:\/\/declick.be\/wp-content\/uploads\/2021\/10\/Exercice12_Allen.jpg\">Exercice12_Allen<\/a> &#8211; <a href=\"https:\/\/declick.be\/wp-content\/uploads\/2021\/10\/Exercice12_Burton.jpg\">Exercice12_Burton<\/a> &#8211; <a href=\"https:\/\/declick.be\/wp-content\/uploads\/2021\/10\/Exercice12_Chaplin.jpg\">Exercice12_Chaplin<\/a> &#8211; <a href=\"https:\/\/declick.be\/wp-content\/uploads\/2021\/10\/Exercice12_Kubrick.jpg\">Exercice12_Kubrick<\/a> : Utilisation des tableaux Word, insertion d&rsquo;images<\/li>\n<\/ul>\n\n\n\n<ul class=\"wp-block-list\">\n<li><a href=\"https:\/\/declick.be\/wp-content\/uploads\/2021\/10\/Exercice13_solution.docx\">Exercice13<\/a> : tableau et calculs dans un tableau<\/li>\n<\/ul>\n\n\n\n<ul class=\"wp-block-list\">\n<li><a href=\"https:\/\/declick.be\/wp-content\/uploads\/2021\/11\/Exercice14_solution.pdf\">Exercice14_solution<\/a> &#8211; <a href=\"https:\/\/declick.be\/wp-content\/uploads\/2021\/10\/Exercice14_logo.png\">Exercice14_logo<\/a> &#8211; <a href=\"https:\/\/declick.be\/wp-content\/uploads\/2021\/10\/Exercice14_plaza.jpg\">Exercice14_plaza<\/a> &#8211; <a href=\"https:\/\/declick.be\/wp-content\/uploads\/2021\/10\/Exercice14_sofitel.jpg\">Exercice14_sofitel<\/a> : exercice de r\u00e9vision<\/li>\n<\/ul>\n\n\n\n<ul class=\"wp-block-list\">\n<li><a href=\"https:\/\/declick.be\/wp-content\/uploads\/2024\/11\/Exercice15_solution.pdf\">Exercice15_solution<\/a> &#8211; <a href=\"https:\/\/declick.be\/wp-content\/uploads\/2021\/11\/Exercice15_savon.png\">Exercice15_savon<\/a> : exercice de r\u00e9vision<\/li>\n<\/ul>\n\n\n\n<p>&#8230;<\/p>\n\n\n\n<hr class=\"wp-block-separator has-css-opacity\"\/>\n","protected":false},"excerpt":{"rendered":"<p>La formation sera abord\u00e9e par la pratique et la r\u00e9alisation d\u2019exercices. Ceci permettra aux participants d&rsquo;acqu\u00e9rir les diff\u00e9rentes mati\u00e8res basiques d&rsquo;une bonne utilisation de Word. Diff\u00e9rents fichiers sont \u00e0 t\u00e9l\u00e9charger ci-dessous. Parmi les fichiers&#46;&#46;&#46;<\/p>\n","protected":false},"author":1,"featured_media":0,"parent":0,"menu_order":0,"comment_status":"closed","ping_status":"closed","template":"","meta":{"footnotes":""},"class_list":["post-28","page","type-page","status-publish","hentry"],"_links":{"self":[{"href":"https:\/\/declick.be\/index.php\/wp-json\/wp\/v2\/pages\/28","targetHints":{"allow":["GET"]}}],"collection":[{"href":"https:\/\/declick.be\/index.php\/wp-json\/wp\/v2\/pages"}],"about":[{"href":"https:\/\/declick.be\/index.php\/wp-json\/wp\/v2\/types\/page"}],"author":[{"embeddable":true,"href":"https:\/\/declick.be\/index.php\/wp-json\/wp\/v2\/users\/1"}],"replies":[{"embeddable":true,"href":"https:\/\/declick.be\/index.php\/wp-json\/wp\/v2\/comments?post=28"}],"version-history":[{"count":36,"href":"https:\/\/declick.be\/index.php\/wp-json\/wp\/v2\/pages\/28\/revisions"}],"predecessor-version":[{"id":1920,"href":"https:\/\/declick.be\/index.php\/wp-json\/wp\/v2\/pages\/28\/revisions\/1920"}],"wp:attachment":[{"href":"https:\/\/declick.be\/index.php\/wp-json\/wp\/v2\/media?parent=28"}],"curies":[{"name":"wp","href":"https:\/\/api.w.org\/{rel}","templated":true}]}}