{"id":55,"date":"2021-10-10T19:37:36","date_gmt":"2021-10-10T17:37:36","guid":{"rendered":"http:\/\/declick.be\/?page_id=55"},"modified":"2024-07-09T09:11:01","modified_gmt":"2024-07-09T07:11:01","slug":"power-point","status":"publish","type":"page","link":"https:\/\/declick.be\/index.php\/power-point\/","title":{"rendered":"Power Point"},"content":{"rendered":"\n<p>Power Point est un programme qui permet de r\u00e9aliser des fichiers appel\u00e9s diaporamas principalement utilis\u00e9s comme support \u00e0 une pr\u00e9sentation orale.<\/p>\n\n\n\n<p>Ce cours donne un aper\u00e7u global des diff\u00e9rents \u00e9l\u00e9ments que nous pouvons y retrouver :<\/p>\n\n\n\n<hr class=\"wp-block-separator has-alpha-channel-opacity\"\/>\n\n\n\n<p><strong>Niveau 1 : les bases de l&rsquo;utilisation de Power Point<\/strong><\/p>\n\n\n\n<ul class=\"wp-block-list\">\n<li>Les diff\u00e9rents objets \u00e0 ins\u00e9rer.<\/li>\n\n\n\n<li>Les diff\u00e9rentes pr\u00e9sentations de dias.<\/li>\n\n\n\n<li>Les effets d&rsquo;animation et de transition.<\/li>\n\n\n\n<li>Les boutons d&rsquo;action.<\/li>\n\n\n\n<li>&#8230;<\/li>\n<\/ul>\n\n\n\n<p>Pour ce cours, vous pouvez utiliser les 2 syllabus suivants : le <a href=\"https:\/\/declick.be\/wp-content\/uploads\/2022\/02\/Power-Point_20xx-A-imprimer.pdf\">premier <\/a>contient les \u00e9nonc\u00e9s et des copies d&rsquo;\u00e9cran des dias \u00e0 r\u00e9aliser, le <a href=\"https:\/\/declick.be\/wp-content\/uploads\/2022\/02\/Power-Point_20xx.pdf\">second <\/a>reprend en plus des copies d&rsquo;\u00e9cran permettant la r\u00e9alisation des exercices. Je vous conseille d&rsquo;imprimer le premier pour avoir plus de confort lors de la r\u00e9alisation des exercices que vous retrouvez ci-dessous : <\/p>\n\n\n\n<ul class=\"wp-block-list\">\n<li><a href=\"https:\/\/declick.be\/wp-content\/uploads\/2022\/02\/Exercice01_Solution.pptx\">Exercice01_Solution.pptx<\/a>.<\/li>\n\n\n\n<li><a href=\"https:\/\/declick.be\/wp-content\/uploads\/2022\/02\/Exercice02.pptx\">Exercice02.pptx<\/a> &#8211; <a href=\"https:\/\/declick.be\/wp-content\/uploads\/2022\/02\/Exercice02_Solution.ppsx\">Exercice02_Solution.ppsx<\/a> &#8211; <a href=\"https:\/\/declick.be\/wp-content\/uploads\/2022\/02\/Exercice02_Symphony_No_3-1.wma\">Exercice02_Symphony_No_3.wma<\/a>.<\/li>\n\n\n\n<li><a href=\"https:\/\/declick.be\/wp-content\/uploads\/2022\/02\/Exercice03_solution.ppt\">Exercice03_solution.ppt<\/a>.<\/li>\n\n\n\n<li><a href=\"https:\/\/declick.be\/wp-content\/uploads\/2022\/02\/Exercice04_Solution.ppt\">Exercice04_Solution.ppt<\/a>.<\/li>\n\n\n\n<li><a href=\"https:\/\/declick.be\/wp-content\/uploads\/2022\/02\/Exercice05_Solution.pptx\">Exercice05_Solution.pptx<\/a>.<\/li>\n\n\n\n<li><a href=\"https:\/\/declick.be\/wp-content\/uploads\/2022\/02\/Exercice06_Solution.pptx\">Exercice06_Solution.pptx<\/a>.<\/li>\n\n\n\n<li><a href=\"https:\/\/declick.be\/wp-content\/uploads\/2022\/02\/Sports-en-Belgique.docx\">Sports en Belgique.docx<\/a> : un exercice r\u00e9capitulatif.<\/li>\n<\/ul>\n\n\n\n<hr class=\"wp-block-separator has-alpha-channel-opacity\"\/>\n\n\n\n<p><strong>Niveau 2 : utilisation des masques, cr\u00e9ation de th\u00e8mes<\/strong><\/p>\n\n\n\n<p>Ci-dessous, les diff\u00e9rents fichiers de l&rsquo;\u00e9tude de cette mati\u00e8re<\/p>\n\n\n\n<ul class=\"wp-block-list\">\n<li><a href=\"https:\/\/declick.be\/wp-content\/uploads\/2024\/07\/Restau.thmx\">Restau.thmx<\/a> : th\u00e8me Power Point<\/li>\n\n\n\n<li><a href=\"https:\/\/declick.be\/wp-content\/uploads\/2024\/07\/2-Masque_Exercice01.pptx\">Exercice01.pptx<\/a> : explicatif de la cr\u00e9ation et de l&rsquo;utilisation des th\u00e8mes<\/li>\n\n\n\n<li><a href=\"https:\/\/declick.be\/wp-content\/uploads\/2024\/07\/2-Masque_Exercice02.pptx\">Exercice02.pptx<\/a> : diaporama r\u00e9sultat de l&rsquo;utilisation du th\u00e8me<\/li>\n\n\n\n<li><a href=\"https:\/\/declick.be\/wp-content\/uploads\/2024\/07\/2-Masque_Exercice03.pptx\">Exercice03.pptx<\/a> : diaporama r\u00e9sultat du th\u00e8me modifi\u00e9<\/li>\n<\/ul>\n","protected":false},"excerpt":{"rendered":"<p>Power Point est un programme qui permet de r\u00e9aliser des fichiers appel\u00e9s diaporamas principalement utilis\u00e9s comme support \u00e0 une pr\u00e9sentation orale. Ce cours donne un aper\u00e7u global des diff\u00e9rents \u00e9l\u00e9ments que nous pouvons y&#46;&#46;&#46;<\/p>\n","protected":false},"author":1,"featured_media":0,"parent":0,"menu_order":0,"comment_status":"closed","ping_status":"closed","template":"","meta":{"footnotes":""},"class_list":["post-55","page","type-page","status-publish","hentry"],"_links":{"self":[{"href":"https:\/\/declick.be\/index.php\/wp-json\/wp\/v2\/pages\/55","targetHints":{"allow":["GET"]}}],"collection":[{"href":"https:\/\/declick.be\/index.php\/wp-json\/wp\/v2\/pages"}],"about":[{"href":"https:\/\/declick.be\/index.php\/wp-json\/wp\/v2\/types\/page"}],"author":[{"embeddable":true,"href":"https:\/\/declick.be\/index.php\/wp-json\/wp\/v2\/users\/1"}],"replies":[{"embeddable":true,"href":"https:\/\/declick.be\/index.php\/wp-json\/wp\/v2\/comments?post=55"}],"version-history":[{"count":11,"href":"https:\/\/declick.be\/index.php\/wp-json\/wp\/v2\/pages\/55\/revisions"}],"predecessor-version":[{"id":1804,"href":"https:\/\/declick.be\/index.php\/wp-json\/wp\/v2\/pages\/55\/revisions\/1804"}],"wp:attachment":[{"href":"https:\/\/declick.be\/index.php\/wp-json\/wp\/v2\/media?parent=55"}],"curies":[{"name":"wp","href":"https:\/\/api.w.org\/{rel}","templated":true}]}}