{"id":556,"date":"2021-11-12T08:59:19","date_gmt":"2021-11-12T07:59:19","guid":{"rendered":"http:\/\/declick.be\/?page_id=556"},"modified":"2021-11-14T16:24:52","modified_gmt":"2021-11-14T15:24:52","slug":"excel-intermediaire","status":"publish","type":"page","link":"https:\/\/declick.be\/index.php\/excel-intermediaire\/","title":{"rendered":"Excel interm\u00e9diaire"},"content":{"rendered":"\n<p>Ce cours est destin\u00e9 \u00e0 renforcer les notions de base et \u00e0 d\u00e9velopper des mati\u00e8res plus avanc\u00e9es de l&rsquo;utilisation de Excel.<\/p>\n\n\n\n<p>Ceci se fera par l&rsquo;exemple. Les principaux fichiers utilis\u00e9s sont les suivants&nbsp;:<\/p>\n\n\n\n<ul class=\"wp-block-list\"><li><a href=\"https:\/\/declick.be\/wp-content\/uploads\/2021\/11\/1.-Application1.xls\">1. Application1.xls<\/a> et <a href=\"https:\/\/declick.be\/wp-content\/uploads\/2021\/11\/1.-Application1Solution.xls\">1. Application1Solution.xls<\/a>\u00a0: fichier de r\u00e9vision de notions de base (mise en forme, mise en page, fonction basique, r\u00e9f\u00e9rence relative et absolue) et le fichier \u2018correction des exercices\u2019<\/li><\/ul>\n\n\n\n<ul class=\"wp-block-list\"><li><a href=\"https:\/\/declick.be\/wp-content\/uploads\/2021\/11\/2.-Excel01.xls\">2. Excel01.xls<\/a>\u00a0: renforcement des connaissances concernant les formats de cellule et la mise en page.<\/li><\/ul>\n\n\n\n<ul class=\"wp-block-list\"><li><a href=\"https:\/\/declick.be\/wp-content\/uploads\/2021\/11\/3.-Excel02.xls\">3. Excel02.xls<\/a> et <a href=\"https:\/\/declick.be\/wp-content\/uploads\/2021\/11\/3.-Excel02Solution.xls\">3. Excel02Solution.xls<\/a>\u00a0: fichier sur le calcul de base, les r\u00e9f\u00e9rences relatives, absolues et mixtes et le fichier \u2018correction des exercices\u2019<\/li><\/ul>\n\n\n\n<ul class=\"wp-block-list\"><li><a href=\"https:\/\/declick.be\/wp-content\/uploads\/2021\/11\/4.-Excel03.xls\">4. Excel03.xls<\/a>\u00a0: \u00e9tude des fonctions<\/li><\/ul>\n\n\n\n<ul class=\"wp-block-list\"><li><a href=\"https:\/\/declick.be\/wp-content\/uploads\/2021\/11\/5.-Excel04.xls\">5. Excel04.xls<\/a>\u00a0: \u00e9tude de la mise en forme conditionnelle<\/li><\/ul>\n\n\n\n<ul class=\"wp-block-list\"><li><a href=\"https:\/\/declick.be\/wp-content\/uploads\/2021\/11\/6.-Application2.xlsx\">6. Application2.xlsx<\/a> et <a href=\"https:\/\/declick.be\/wp-content\/uploads\/2021\/11\/6.-Application2Solution.xlsx\">6. Application2Solution.xlsx<\/a>\u00a0: fichier de mise en application sur les fonctions et les mises en forme conditionnelle, calculs et liens entre feuilles et le fichier \u2018correction des exercices\u2019<\/li><\/ul>\n\n\n\n<ul class=\"wp-block-list\"><li><a href=\"https:\/\/declick.be\/wp-content\/uploads\/2021\/11\/7.-Excel05.xls\">7. Excel05.xls<\/a>\u00a0: calcul sur les dates et les heures<\/li><\/ul>\n\n\n\n<ul class=\"wp-block-list\"><li><a href=\"https:\/\/declick.be\/wp-content\/uploads\/2021\/11\/8.-Excel06.xls\">8. Excel06.xls<\/a>\u00a0: les graphiques<\/li><\/ul>\n\n\n\n<ul class=\"wp-block-list\"><li><a href=\"https:\/\/declick.be\/wp-content\/uploads\/2021\/11\/9.-Excel07.xls\">9. Excel07.xls<\/a>\u00a0: trier et filtrer des listes de donn\u00e9es<\/li><\/ul>\n\n\n\n<ul class=\"wp-block-list\"><li><a href=\"https:\/\/declick.be\/wp-content\/uploads\/2021\/11\/10.-Excel08.xls\">10. Excel08.xls<\/a> et <a href=\"https:\/\/declick.be\/wp-content\/uploads\/2021\/11\/11.-Excel08Bis.xls\">11. Excel08Bis.xls<\/a>\u00a0: \u00e9tude sp\u00e9cifique des fonctions SI, ET et OU<\/li><\/ul>\n\n\n\n<ul class=\"wp-block-list\"><li><a href=\"https:\/\/declick.be\/wp-content\/uploads\/2021\/11\/12.-Excel09.xlsx\">12. Excel09.xlsx<\/a>\u00a0: \u00e9tude des tableaux crois\u00e9s dynamiques (pivot table)<\/li><\/ul>\n\n\n\n<ul class=\"wp-block-list\"><li><a href=\"https:\/\/declick.be\/wp-content\/uploads\/2021\/11\/13.-Application3.xlsx\">13. Application3.xlsx<\/a>\u00a0: exercices sur les r\u00e9f\u00e9rences mixtes, fonctions et tableaux crois\u00e9s dynamiques<\/li><\/ul>\n\n\n\n<ul class=\"wp-block-list\"><li><a href=\"https:\/\/declick.be\/wp-content\/uploads\/2021\/11\/14.-Questions-Reponses-Participants.xlsx\">14. Questions-Reponses Participants.xlsx<\/a>\u00a0: cas pratiques trait\u00e9s par rapport \u00e0 des situations v\u00e9cues par d\u2019anciens participants \u00e0 cette formation<\/li><\/ul>\n","protected":false},"excerpt":{"rendered":"<p>Ce cours est destin\u00e9 \u00e0 renforcer les notions de base et \u00e0 d\u00e9velopper des mati\u00e8res plus avanc\u00e9es de l&rsquo;utilisation de Excel. Ceci se fera par l&rsquo;exemple. Les principaux fichiers utilis\u00e9s sont les suivants&nbsp;: 1.&#46;&#46;&#46;<\/p>\n","protected":false},"author":1,"featured_media":0,"parent":0,"menu_order":0,"comment_status":"closed","ping_status":"closed","template":"","meta":{"footnotes":""},"class_list":["post-556","page","type-page","status-publish","hentry"],"_links":{"self":[{"href":"https:\/\/declick.be\/index.php\/wp-json\/wp\/v2\/pages\/556","targetHints":{"allow":["GET"]}}],"collection":[{"href":"https:\/\/declick.be\/index.php\/wp-json\/wp\/v2\/pages"}],"about":[{"href":"https:\/\/declick.be\/index.php\/wp-json\/wp\/v2\/types\/page"}],"author":[{"embeddable":true,"href":"https:\/\/declick.be\/index.php\/wp-json\/wp\/v2\/users\/1"}],"replies":[{"embeddable":true,"href":"https:\/\/declick.be\/index.php\/wp-json\/wp\/v2\/comments?post=556"}],"version-history":[{"count":6,"href":"https:\/\/declick.be\/index.php\/wp-json\/wp\/v2\/pages\/556\/revisions"}],"predecessor-version":[{"id":714,"href":"https:\/\/declick.be\/index.php\/wp-json\/wp\/v2\/pages\/556\/revisions\/714"}],"wp:attachment":[{"href":"https:\/\/declick.be\/index.php\/wp-json\/wp\/v2\/media?parent=556"}],"curies":[{"name":"wp","href":"https:\/\/api.w.org\/{rel}","templated":true}]}}