{"id":599,"date":"2021-11-14T13:18:24","date_gmt":"2021-11-14T12:18:24","guid":{"rendered":"http:\/\/declick.be\/?page_id=599"},"modified":"2025-02-11T08:04:22","modified_gmt":"2025-02-11T07:04:22","slug":"1-initiation-a-la-bureautique-et-a-linformatique","status":"publish","type":"page","link":"https:\/\/declick.be\/index.php\/1-initiation-a-la-bureautique-et-a-linformatique\/","title":{"rendered":"1. Initiation \u00e0 la bureautique et \u00e0 l&rsquo;informatique"},"content":{"rendered":"\n<p>Ce cours permettra de mettre en \u00e9vidence les principales manipulations de base n\u00e9cessaires \u00e0 l&rsquo;utilisation d&rsquo;un ordinateur :<\/p>\n\n\n\n<ul class=\"wp-block-list\">\n<li>Organisation de l&rsquo;information : utilisation de l&rsquo;explorateur de Windows.<\/li>\n\n\n\n<li>Cr\u00e9ation et classement de diff\u00e9rents fichiers : introduction \u00e0 l&rsquo;utilisation des programmes principaux utilis\u00e9s par un employ\u00e9 \u00e0 vocation administrative \u00e0 savoir Word, Excel et Power Point.<\/li>\n\n\n\n<li>Recherche et communication de l&rsquo;information via internet&nbsp;: utilisation de l&rsquo;outil informatique afin d&rsquo;obtenir le compl\u00e9ment d&rsquo;information n\u00e9cessaire et de le communiquer.<\/li>\n\n\n\n<li>Envoi de mails avec pi\u00e8ces jointes.<\/li>\n<\/ul>\n\n\n\n<p>Ce cours abordera les diff\u00e9rents points pr\u00e9c\u00e9dents de fa\u00e7on superficielle. Chaque point peut \u00eatre approfondi en suivant des formations sp\u00e9cifiques dans les diff\u00e9rents domaines pr\u00e9cit\u00e9s.<\/p>\n\n\n\n<p>Ceci se fera par la mise en application et la pratique. Les fichiers et supports utilis\u00e9s dans le cadre de cette formation sont les suivants :<\/p>\n\n\n\n<a id=\"wp-block-file--media-f30a0544-edaf-4f09-a75a-67f52037b6fb\" href=\"https:\/\/declick.be\/wp-content\/uploads\/2022\/01\/BxlFormation.png\">BxlFormation<\/a><a href=\"https:\/\/declick.be\/wp-content\/uploads\/2022\/01\/BxlFormation.png\" download=\"\" aria-describedby=\"wp-block-file--media-f30a0544-edaf-4f09-a75a-67f52037b6fb\">T\u00e9l\u00e9charger<\/a>\n\n\n\n<a id=\"wp-block-file--media-7263ad00-c35f-462a-9423-aa3f3c89a056\" href=\"https:\/\/declick.be\/wp-content\/uploads\/2023\/09\/IIN-Cours1BF.docx\">IIN-Cours1BF<\/a><a href=\"https:\/\/declick.be\/wp-content\/uploads\/2023\/09\/IIN-Cours1BF.docx\" download=\"\" aria-describedby=\"wp-block-file--media-7263ad00-c35f-462a-9423-aa3f3c89a056\">T\u00e9l\u00e9charger<\/a>\n\n\n\n<a id=\"wp-block-file--media-d79a57bf-df14-4203-908c-3f1f2d4ba6e2\" href=\"https:\/\/declick.be\/wp-content\/uploads\/2023\/09\/IIN-Cours2BF.docx\">IIN-Cours2BF<\/a><a href=\"https:\/\/declick.be\/wp-content\/uploads\/2023\/09\/IIN-Cours2BF.docx\" download=\"\" aria-describedby=\"wp-block-file--media-d79a57bf-df14-4203-908c-3f1f2d4ba6e2\">T\u00e9l\u00e9charger<\/a>\n\n\n\n<a id=\"wp-block-file--media-1dd32409-9f2a-47e1-a8bf-8284d3079bde\" href=\"https:\/\/declick.be\/wp-content\/uploads\/2023\/09\/IIN-Cours3BF.docx\">IIN-Cours3BF<\/a><a href=\"https:\/\/declick.be\/wp-content\/uploads\/2023\/09\/IIN-Cours3BF.docx\" download=\"\" aria-describedby=\"wp-block-file--media-1dd32409-9f2a-47e1-a8bf-8284d3079bde\">T\u00e9l\u00e9charger<\/a>\n\n\n\n<a id=\"wp-block-file--media-2eda4c6a-e8fc-4984-ad4c-b284bbc16666\" href=\"https:\/\/declick.be\/wp-content\/uploads\/2023\/09\/IIN-Cours4BF.docx\">IIN-Cours4BF<\/a><a href=\"https:\/\/declick.be\/wp-content\/uploads\/2023\/09\/IIN-Cours4BF.docx\" download=\"\" aria-describedby=\"wp-block-file--media-2eda4c6a-e8fc-4984-ad4c-b284bbc16666\">T\u00e9l\u00e9charger<\/a>\n\n\n\n<a id=\"wp-block-file--media-f33329e6-65c9-4a2c-8852-213d8d999b74\" href=\"https:\/\/declick.be\/wp-content\/uploads\/2023\/09\/IIN-Cours5BF.docx\">IIN-Cours5BF<\/a><a href=\"https:\/\/declick.be\/wp-content\/uploads\/2023\/09\/IIN-Cours5BF.docx\" download=\"\" aria-describedby=\"wp-block-file--media-f33329e6-65c9-4a2c-8852-213d8d999b74\">T\u00e9l\u00e9charger<\/a>\n\n\n\n<a id=\"wp-block-file--media-ce6023e3-e6b5-4fd8-917b-6e70d953e4ba\" href=\"https:\/\/declick.be\/wp-content\/uploads\/2023\/09\/IIN-Cours6BF.docx\">IIN-Cours6BF<\/a><a href=\"https:\/\/declick.be\/wp-content\/uploads\/2023\/09\/IIN-Cours6BF.docx\" download=\"\" aria-describedby=\"wp-block-file--media-ce6023e3-e6b5-4fd8-917b-6e70d953e4ba\">T\u00e9l\u00e9charger<\/a>\n\n\n\n<p><\/p>\n","protected":false},"excerpt":{"rendered":"<p>Ce cours permettra de mettre en \u00e9vidence les principales manipulations de base n\u00e9cessaires \u00e0 l&rsquo;utilisation d&rsquo;un ordinateur : Ce cours abordera les diff\u00e9rents points pr\u00e9c\u00e9dents de fa\u00e7on superficielle. Chaque point peut \u00eatre approfondi en&#46;&#46;&#46;<\/p>\n","protected":false},"author":1,"featured_media":0,"parent":0,"menu_order":0,"comment_status":"open","ping_status":"closed","template":"","meta":{"footnotes":""},"class_list":["post-599","page","type-page","status-publish","hentry"],"_links":{"self":[{"href":"https:\/\/declick.be\/index.php\/wp-json\/wp\/v2\/pages\/599","targetHints":{"allow":["GET"]}}],"collection":[{"href":"https:\/\/declick.be\/index.php\/wp-json\/wp\/v2\/pages"}],"about":[{"href":"https:\/\/declick.be\/index.php\/wp-json\/wp\/v2\/types\/page"}],"author":[{"embeddable":true,"href":"https:\/\/declick.be\/index.php\/wp-json\/wp\/v2\/users\/1"}],"replies":[{"embeddable":true,"href":"https:\/\/declick.be\/index.php\/wp-json\/wp\/v2\/comments?post=599"}],"version-history":[{"count":18,"href":"https:\/\/declick.be\/index.php\/wp-json\/wp\/v2\/pages\/599\/revisions"}],"predecessor-version":[{"id":2003,"href":"https:\/\/declick.be\/index.php\/wp-json\/wp\/v2\/pages\/599\/revisions\/2003"}],"wp:attachment":[{"href":"https:\/\/declick.be\/index.php\/wp-json\/wp\/v2\/media?parent=599"}],"curies":[{"name":"wp","href":"https:\/\/api.w.org\/{rel}","templated":true}]}}