{"id":606,"date":"2021-11-14T13:25:05","date_gmt":"2021-11-14T12:25:05","guid":{"rendered":"http:\/\/declick.be\/?page_id=606"},"modified":"2022-01-21T16:24:27","modified_gmt":"2022-01-21T15:24:27","slug":"3-word-longs-documents","status":"publish","type":"page","link":"https:\/\/declick.be\/index.php\/3-word-longs-documents\/","title":{"rendered":"Traitement des documents longs"},"content":{"rendered":"\n<p>Par ce cours, le participant sera amen\u00e9 \u00e0 concevoir des documents longs et \u00e0 g\u00e9rer les diff\u00e9rents \u00e9l\u00e9ments que ceci implique&nbsp;:<\/p>\n\n\n\n<ul class=\"wp-block-list\"><li>La cr\u00e9ation de tables des mati\u00e8res.<\/li><li>La cr\u00e9ation et la modification des styles.<\/li><li>La pagination du document.<\/li><li>La gestion des en-t\u00eates et des pieds de page.<\/li><li>L\u2019insertion de page de garde.<\/li><li>L\u2019utilisation des sections.<\/li><li>\u2026<\/li><\/ul>\n\n\n\n<p>Ceci se fera par la r\u00e9solution des exercices ci-dessous. D\u2019une fa\u00e7on g\u00e9n\u00e9rale, les fichiers*_Solution sont \u00e0 imprimer afin de visualiser le rendu final \u00e0 obtenir et les autres sont \u00e0 t\u00e9l\u00e9charger, ce sont soit le texte pr\u00e9encod\u00e9, soit des consignes n\u00e9cessaires \u00e0 la r\u00e9alisation ou tout autre fichier utilis\u00e9 dans l\u2019exercice. Le dernier fichier de la liste est un syllabus qui reprend les diff\u00e9rentes mati\u00e8res du traitement des documents longs. Il sera abord\u00e9 \u00e0 la fin de ce cours en guise de synth\u00e8se et de conclusion.<\/p>\n\n\n\n<ul class=\"wp-block-list\"><li>Exercice 01 : <a href=\"https:\/\/declick.be\/wp-content\/uploads\/2022\/01\/EX01-DocsLongs.doc\">EX01-DocsLongs.doc<\/a> et <a href=\"https:\/\/declick.be\/wp-content\/uploads\/2022\/01\/EX01-DocsLongs_Solution.doc\">EX01-DocsLongs_Solution.doc<\/a><\/li><li>Exercice 02 : <a href=\"https:\/\/declick.be\/wp-content\/uploads\/2022\/01\/EX02-DocsLongs.docx\">EX02-DocsLongs.docx<\/a> et <a href=\"https:\/\/declick.be\/wp-content\/uploads\/2022\/01\/EX02-DocsLongs_Solution-1.docx\">EX02-DocsLongs_Solution.docx<\/a><\/li><li>Exercice 03 : <a href=\"https:\/\/declick.be\/wp-content\/uploads\/2022\/01\/EX03-DocsLongs.docx\">EX03-DocsLongs.docx<\/a> et <a href=\"https:\/\/declick.be\/wp-content\/uploads\/2022\/01\/EX03-DocsLongs_Solution.docx\">EX03-DocsLongs_Solution.docx<\/a><\/li><li>Exercice 04 : <a href=\"https:\/\/declick.be\/wp-content\/uploads\/2022\/01\/EX04-DocsLongs.docx\">EX04-DocsLongs.docx<\/a>, <a href=\"https:\/\/declick.be\/wp-content\/uploads\/2022\/01\/EX04-DocsLongs_Solution.docx\">EX04-DocsLongs_Solution.docx<\/a> et <a href=\"https:\/\/declick.be\/wp-content\/uploads\/2022\/01\/EX04-Image.png\">EX04-Image.png<\/a><\/li><li>Le syllabus : <a href=\"https:\/\/declick.be\/wp-content\/uploads\/2022\/01\/DocsLongs_Version20xx.pdf\">DocsLongs_Version20xx.pdf<\/a><\/li><\/ul>\n\n\n\n<p>Et, si vous n&rsquo;en avez pas assez, voici d&rsquo;autres exercices \u00e0 votre disposition:<\/p>\n\n\n\n<ul class=\"wp-block-list\"><li><a href=\"https:\/\/declick.be\/wp-content\/uploads\/2022\/01\/EXSup01-DocsLongs.docx\">EXSup01-DocsLongs.docx<\/a> et ses solutions : <a href=\"https:\/\/declick.be\/wp-content\/uploads\/2022\/01\/EXSup01-Niveau1_Solution.docx\">EXSup01-Niveau1_Solution.docx<\/a> et <a href=\"https:\/\/declick.be\/wp-content\/uploads\/2022\/01\/EXSup02-Niveau2_Solution.docx\">EXSup02-Niveau2_Solution.docx<\/a><\/li><li><a href=\"https:\/\/declick.be\/wp-content\/uploads\/2022\/01\/EXSup03-DocsLongs.doc\">EXSup03-DocsLongs.doc<\/a> et <a href=\"https:\/\/declick.be\/wp-content\/uploads\/2022\/01\/EXSup03-DocsLongs_Solution.doc\">EXSup03-DocsLongs_Solution.doc<\/a><\/li><li><a href=\"https:\/\/declick.be\/wp-content\/uploads\/2022\/01\/EXSup04-DocsLongs.docx\">EXSup04-DocsLongs.docx<\/a> et <a href=\"https:\/\/declick.be\/wp-content\/uploads\/2022\/01\/EXSup04-DocsLongs_Solution.docx\">EXSup04-DocsLongs_Solution.docx<\/a><\/li><li><a href=\"https:\/\/declick.be\/wp-content\/uploads\/2022\/01\/EXSup05-Consignes.doc\">EXSup05-Consignes.doc<\/a>, <a href=\"https:\/\/declick.be\/wp-content\/uploads\/2022\/01\/EXSup05-DocsLongs.doc\">EXSup05-DocsLongs.doc<\/a> et <a href=\"https:\/\/declick.be\/wp-content\/uploads\/2022\/01\/EXSup05-DocsLongs_Solution.doc\">EXSup05-DocsLongs_Solution.doc<\/a><\/li><li><a href=\"https:\/\/declick.be\/wp-content\/uploads\/2022\/01\/EXSup06-DocsLongs_Solution.docx\">EXSup06-DocsLongs_Solution.docx<\/a><\/li><\/ul>\n\n\n\n<p>Bon travail !!!<\/p>\n","protected":false},"excerpt":{"rendered":"<p>Par ce cours, le participant sera amen\u00e9 \u00e0 concevoir des documents longs et \u00e0 g\u00e9rer les diff\u00e9rents \u00e9l\u00e9ments que ceci implique&nbsp;: La cr\u00e9ation de tables des mati\u00e8res. La cr\u00e9ation et la modification des styles.&#46;&#46;&#46;<\/p>\n","protected":false},"author":1,"featured_media":0,"parent":0,"menu_order":0,"comment_status":"closed","ping_status":"closed","template":"","meta":{"footnotes":""},"class_list":["post-606","page","type-page","status-publish","hentry"],"_links":{"self":[{"href":"https:\/\/declick.be\/index.php\/wp-json\/wp\/v2\/pages\/606","targetHints":{"allow":["GET"]}}],"collection":[{"href":"https:\/\/declick.be\/index.php\/wp-json\/wp\/v2\/pages"}],"about":[{"href":"https:\/\/declick.be\/index.php\/wp-json\/wp\/v2\/types\/page"}],"author":[{"embeddable":true,"href":"https:\/\/declick.be\/index.php\/wp-json\/wp\/v2\/users\/1"}],"replies":[{"embeddable":true,"href":"https:\/\/declick.be\/index.php\/wp-json\/wp\/v2\/comments?post=606"}],"version-history":[{"count":10,"href":"https:\/\/declick.be\/index.php\/wp-json\/wp\/v2\/pages\/606\/revisions"}],"predecessor-version":[{"id":947,"href":"https:\/\/declick.be\/index.php\/wp-json\/wp\/v2\/pages\/606\/revisions\/947"}],"wp:attachment":[{"href":"https:\/\/declick.be\/index.php\/wp-json\/wp\/v2\/media?parent=606"}],"curies":[{"name":"wp","href":"https:\/\/api.w.org\/{rel}","templated":true}]}}