{"id":609,"date":"2021-11-14T13:25:05","date_gmt":"2021-11-14T12:25:05","guid":{"rendered":"http:\/\/declick.be\/?page_id=609"},"modified":"2022-02-11T14:08:36","modified_gmt":"2022-02-11T13:08:36","slug":"6-excel-statistiques-et-graphiques","status":"publish","type":"page","link":"https:\/\/declick.be\/index.php\/6-excel-statistiques-et-graphiques\/","title":{"rendered":"6. Excel &#8211; Statistiques et Graphiques"},"content":{"rendered":"\n<p>Ceci est un cours th\u00e9matique sur l&rsquo;apprentissage d&rsquo;Excel. Par ce cours seront abord\u00e9es des notions diverses qui permettront de r\u00e9aliser des statistiques et de cr\u00e9er des graphiques.<\/p>\n\n\n\n<p>Voici la fiche programme de ce cours : <a href=\"https:\/\/declick.be\/wp-content\/uploads\/2022\/02\/Excel-Statistiques-et-Graphiques.pdf\">Excel Statistiques et Graphiques.pdf<\/a>.<\/p>\n\n\n\n<p>Les diff\u00e9rentes mati\u00e8res seront abord\u00e9es par l&rsquo;exemple et la pratique lors d&rsquo;un travail qui porte qui les fichiers suivants :<\/p>\n\n\n\n<ul class=\"wp-block-list\"><li><a href=\"https:\/\/declick.be\/wp-content\/uploads\/2022\/02\/Excel-Statistiques-et-graphiques-Exercice01.xls\">Excel Statistiques et graphiques-Exercice01.xls<\/a> et ses corrig\u00e9s : <a href=\"https:\/\/declick.be\/wp-content\/uploads\/2022\/02\/Excel-Statistiques-et-graphiques-Exercice01-Corrige.xls\">Excel Statistiques et graphiques-Exercice01-Corrige.xls<\/a> &#8211; <a href=\"https:\/\/declick.be\/wp-content\/uploads\/2022\/02\/Excel-Statistiques-et-graphiques-Exercice01-Corrige-1.pdf\">Excel Statistiques et graphiques-Exercice01-Corrige.pdf<\/a><\/li><li><a href=\"https:\/\/declick.be\/wp-content\/uploads\/2022\/02\/Excel-Statistiques-et-graphiques-Exercice02.xls\">Excel Statistiques et graphiques-Exercice02.xls<\/a> et son <a href=\"https:\/\/declick.be\/wp-content\/uploads\/2022\/02\/Excel-Statistiques-et-graphiques-Exercice02-Corrige.xls\">corrig\u00e9<\/a>.<\/li><li><a href=\"https:\/\/declick.be\/wp-content\/uploads\/2022\/02\/Excel-Statistiques-et-graphiques-Exercice03.xls\">Excel Statistiques et graphiques-Exercice03.xls<\/a>.<\/li><\/ul>\n\n\n\n<p><\/p>\n\n\n\n<p><\/p>\n","protected":false},"excerpt":{"rendered":"<p>Ceci est un cours th\u00e9matique sur l&rsquo;apprentissage d&rsquo;Excel. Par ce cours seront abord\u00e9es des notions diverses qui permettront de r\u00e9aliser des statistiques et de cr\u00e9er des graphiques. Voici la fiche programme de ce cours&#46;&#46;&#46;<\/p>\n","protected":false},"author":1,"featured_media":0,"parent":0,"menu_order":0,"comment_status":"closed","ping_status":"closed","template":"","meta":{"footnotes":""},"class_list":["post-609","page","type-page","status-publish","hentry"],"_links":{"self":[{"href":"https:\/\/declick.be\/index.php\/wp-json\/wp\/v2\/pages\/609","targetHints":{"allow":["GET"]}}],"collection":[{"href":"https:\/\/declick.be\/index.php\/wp-json\/wp\/v2\/pages"}],"about":[{"href":"https:\/\/declick.be\/index.php\/wp-json\/wp\/v2\/types\/page"}],"author":[{"embeddable":true,"href":"https:\/\/declick.be\/index.php\/wp-json\/wp\/v2\/users\/1"}],"replies":[{"embeddable":true,"href":"https:\/\/declick.be\/index.php\/wp-json\/wp\/v2\/comments?post=609"}],"version-history":[{"count":4,"href":"https:\/\/declick.be\/index.php\/wp-json\/wp\/v2\/pages\/609\/revisions"}],"predecessor-version":[{"id":1051,"href":"https:\/\/declick.be\/index.php\/wp-json\/wp\/v2\/pages\/609\/revisions\/1051"}],"wp:attachment":[{"href":"https:\/\/declick.be\/index.php\/wp-json\/wp\/v2\/media?parent=609"}],"curies":[{"name":"wp","href":"https:\/\/api.w.org\/{rel}","templated":true}]}}