{"id":881,"date":"2022-01-19T11:36:06","date_gmt":"2022-01-19T10:36:06","guid":{"rendered":"http:\/\/declick.be\/?page_id=881"},"modified":"2022-06-16T08:09:27","modified_gmt":"2022-06-16T06:09:27","slug":"introduction-docs-longs","status":"publish","type":"page","link":"https:\/\/declick.be\/index.php\/introduction-docs-longs\/","title":{"rendered":"Styles &#8211; Mod\u00e8les &#8211; Documents longs"},"content":{"rendered":"\n<p>Ce cours se compose de 2 parties :<\/p>\n\n\n\n<ul class=\"wp-block-list\"><li>Partie 1 : concerne principalement les styles et mod\u00e8les<br><br>Voici les fichiers \u00e0 t\u00e9l\u00e9charger, leurs solutions (\u00e0 imprimer) et les th\u00e8mes principaux qu&rsquo;ils traitent<\/li><\/ul>\n\n\n\n<p><a href=\"https:\/\/declick.be\/wp-content\/uploads\/2022\/06\/WSP_Exercice01.docx\">Exercice01<\/a> &#8211; <a href=\"https:\/\/declick.be\/wp-content\/uploads\/2022\/06\/WSP_Exercice01_Solution.docx\">Exercice01_Solution<\/a> &#8211; <a href=\"https:\/\/declick.be\/wp-content\/uploads\/2022\/06\/WSP_Exercice01-Ardenne.jpg\">Exercice01.jpg<\/a> : les styles, insertion d&rsquo;images, formatage de paragraphes<\/p>\n\n\n\n<p><a href=\"https:\/\/declick.be\/wp-content\/uploads\/2022\/06\/WSP_Exercice02_Solution.dotx\">Exercice02_Solution<\/a> et <a href=\"https:\/\/declick.be\/wp-content\/uploads\/2022\/06\/WSP_Exercice03_Solution.dotx\">Exercice03_Solution<\/a> : 2 mod\u00e8les enregistr\u00e9s dans des dossiers particuliers<\/p>\n\n\n\n<p><a href=\"https:\/\/declick.be\/wp-content\/uploads\/2022\/06\/WSP_Exercice04_Solution.docx\">Exercice04_Solution<\/a> &#8211; <a href=\"https:\/\/declick.be\/wp-content\/uploads\/2022\/06\/WSP_Exercice04-Cote.jpg\">Exercice04.jpg<\/a> et <a href=\"https:\/\/declick.be\/wp-content\/uploads\/2022\/06\/WSP_Exercice05_Solution.docx\">Exercice05_Solution<\/a> &#8211; <a href=\"https:\/\/declick.be\/wp-content\/uploads\/2022\/06\/WSP_Exercice05-Cuba-1.jpg\">Exercice05.jpg<\/a> : 2 fichiers cr\u00e9\u00e9s \u00e0 partir des mod\u00e8les pr\u00e9c\u00e9dents<\/p>\n\n\n\n<p><a href=\"https:\/\/declick.be\/wp-content\/uploads\/2022\/06\/WSP_Exercice06_Solution.dotx\">Exercice06_Solution<\/a> : mod\u00e8le qui sera utilis\u00e9 en tant que mod\u00e8le de groupe<\/p>\n\n\n\n<p><a href=\"https:\/\/declick.be\/wp-content\/uploads\/2022\/06\/WSP_Exercice07_Consignes-2.docx\">Exercice07_Consignes<\/a> &#8211; <a href=\"https:\/\/declick.be\/wp-content\/uploads\/2022\/06\/WSP_Exercice07_Solution-1.docx\">Exercice07_Solution<\/a> &#8211; <a href=\"https:\/\/declick.be\/wp-content\/uploads\/2022\/06\/WSP_Exercice07_SolutionBIS.docx\">Exercice07_Solution_BIS<\/a> : Cr\u00e9ation d&rsquo;un document ma\u00eetre \u00e0 partir d&rsquo;un mod\u00e8le de groupe<\/p>\n\n\n\n<ul class=\"wp-block-list\"><li>Partie 2 : \u00e9tude approfondie du traitement des documents longs<br><br>Voici les fichiers n\u00e9cessaires \u00e0 cette \u00e9tude<\/li><\/ul>\n\n\n\n<p><a href=\"https:\/\/declick.be\/wp-content\/uploads\/2022\/06\/WSP_Exercice08.docx\">Exercice08<\/a> &#8211; <a href=\"https:\/\/declick.be\/wp-content\/uploads\/2022\/06\/WSP_Exercice08_Solution-1.docx\">Exercice08_Solution<\/a> : Styles, page de garde, TDM (TOC), num\u00e9ros de page, pied de page<\/p>\n\n\n\n<p><a href=\"https:\/\/declick.be\/wp-content\/uploads\/2022\/06\/WSP_Exercice09.docx\">Exercice09<\/a> &#8211; <a href=\"https:\/\/declick.be\/wp-content\/uploads\/2022\/06\/WSP_Exercice09_Solution.docx\">Exercice09_Solution<\/a> : Utilisation des sections dans les documents longs<\/p>\n\n\n\n<p><\/p>\n","protected":false},"excerpt":{"rendered":"<p>Ce cours se compose de 2 parties : Partie 1 : concerne principalement les styles et mod\u00e8les Voici les fichiers \u00e0 t\u00e9l\u00e9charger, leurs solutions (\u00e0 imprimer) et les th\u00e8mes principaux qu&rsquo;ils traitent Exercice01 &#8211;&#46;&#46;&#46;<\/p>\n","protected":false},"author":1,"featured_media":0,"parent":0,"menu_order":0,"comment_status":"closed","ping_status":"closed","template":"","meta":{"footnotes":""},"class_list":["post-881","page","type-page","status-publish","hentry"],"_links":{"self":[{"href":"https:\/\/declick.be\/index.php\/wp-json\/wp\/v2\/pages\/881","targetHints":{"allow":["GET"]}}],"collection":[{"href":"https:\/\/declick.be\/index.php\/wp-json\/wp\/v2\/pages"}],"about":[{"href":"https:\/\/declick.be\/index.php\/wp-json\/wp\/v2\/types\/page"}],"author":[{"embeddable":true,"href":"https:\/\/declick.be\/index.php\/wp-json\/wp\/v2\/users\/1"}],"replies":[{"embeddable":true,"href":"https:\/\/declick.be\/index.php\/wp-json\/wp\/v2\/comments?post=881"}],"version-history":[{"count":9,"href":"https:\/\/declick.be\/index.php\/wp-json\/wp\/v2\/pages\/881\/revisions"}],"predecessor-version":[{"id":1166,"href":"https:\/\/declick.be\/index.php\/wp-json\/wp\/v2\/pages\/881\/revisions\/1166"}],"wp:attachment":[{"href":"https:\/\/declick.be\/index.php\/wp-json\/wp\/v2\/media?parent=881"}],"curies":[{"name":"wp","href":"https:\/\/api.w.org\/{rel}","templated":true}]}}